{"id":1082,"date":"2023-09-04T14:29:28","date_gmt":"2023-09-04T11:29:28","guid":{"rendered":"https:\/\/pravoved.uz\/?page_id=1082"},"modified":"2023-09-14T09:31:06","modified_gmt":"2023-09-14T06:31:06","slug":"ortaklar","status":"publish","type":"page","link":"https:\/\/pravoved.uz\/tr\/ortaklar\/","title":{"rendered":"Ortaklar"},"content":{"rendered":"<p>Hukuk B\u00fcrosu, T\u00fcrk Hukuk B\u00fcrosu \u201cSEYHAN\u201d HUKUK B\u00fcrosu ile i\u015fbirli\u011fi yapmakta ve kar\u015f\u0131l\u0131kl\u0131 i\u015fbirli\u011fi \u00e7er\u00e7evesinde, T\u00fcrkiye Cumhuriyeti&#8217;ndeki m\u00fcvekkillerimizin menfaatlerini \u00d6zbekistan Cumhuriyeti&#8217;nden ve buna kar\u015f\u0131l\u0131k \u00d6zbekistan Cumhuriyeti topraklar\u0131ndaki m\u00fcvekkillerimizin menfaatlerini T\u00fcrkiye Cumhuriyeti&#8217;nden koruyabiliriz.<\/p>\n<p><strong>HUKUK\u0130 UYGULAMA ALANINDA HUKUK H\u0130ZMETLER\u0130 VER\u0130L\u0130R<\/strong><\/p>\n<p>&nbsp;<\/p>\n<p><strong>GAYR\u0130MENKUL HUKUKU<\/strong><\/p>\n<ul>\n<li>T\u00fcrkiye\/\u00d6zbekistan&#8217;da gayrimenkul sat\u0131\u015f\u0131 i\u00e7in belgelerin haz\u0131rlanmas\u0131nda hukuki dan\u0131\u015fmanl\u0131k<\/li>\n<li>T\u00fcrkiye\/\u00d6zbekistan&#8217;da m\u00fclk sat\u0131n al\u0131rken hukuki yard\u0131m<\/li>\n<li>T\u00fcrkiye\/\u00d6zbekistan&#8217;daki gayrimenkul belgelerinin tescilinde hukuki yard\u0131m<\/li>\n<li>Herhangi bir gayrimenkul davas\u0131nda yasal tavsiye. (e\u015flik etmek)<\/li>\n<\/ul>\n<p><strong>T\u00dcRK\u0130YE VATANDA\u015eLI\u011eI HUKUKU<\/strong><\/p>\n<ul>\n<li>T\u00fcrk vatanda\u015fl\u0131\u011f\u0131n\u0131n al\u0131nmas\u0131nda hukuki yard\u0131m<\/li>\n<li>Dan\u0131\u015fmanl\u0131k, gayrimenkul\u00fcn yasal denetimi<\/li>\n<li>Yat\u0131r\u0131m yoluyla vatanda\u015fl\u0131k ba\u015fvurusu i\u00e7in evrak i\u015fleri<\/li>\n<li>Vatanda\u015fl\u0131k davalar\u0131nda hukuki destek<\/li>\n<\/ul>\n<p><strong>T\u00dcRK\u0130YE&#8217;DE ULUSLARARASI G\u00d6\u00c7 HUKUKU<\/strong><\/p>\n<ul>\n<li>T\u00fcrkiye\/\u00d6zbekistan&#8217;da uluslararas\u0131 g\u00f6\u00e7 hukuku<\/li>\n<li>T\u00fcrkiye\/\u00d6zbekistan&#8217;dan gelen yabanc\u0131lar\u0131n s\u0131n\u0131r d\u0131\u015f\u0131 edilmesinde hukuki yard\u0131m<\/li>\n<li>T\u00fcrkiye\/\u00d6zbekistan&#8217;da \u00e7al\u0131\u015fma izni olan bir avukat\u0131n hukuki deste\u011fi<\/li>\n<\/ul>\n<p><strong>T\u00dcRK\u0130YE&#8217;DE ULUSLARARASI T\u0130CARET HUKUKU<\/strong><\/p>\n<ul>\n<li>T\u00fcrkiye\/\u00d6zbekistan&#8217;da yerel ve uluslararas\u0131 \u015firketler kurma konusunda hukuki yard\u0131m<\/li>\n<li>T\u00fcrkiye\/\u00d6zbekistan&#8217;daki yat\u0131r\u0131m projelerine hukuki destek<\/li>\n<li>T\u00fcrkiye\/\u00d6zbekistan&#8217;da ortakl\u0131k anla\u015fmalar\u0131 yapma ve ortak giri\u015fimler kurma konusunda hukuki yard\u0131m<\/li>\n<li>T\u00fcrkiye\/\u00d6zbekistan&#8217;da s\u0131n\u0131r \u00f6tesi i\u015flemlerde hukuki yard\u0131m<\/li>\n<\/ul>\n<p><strong>T\u00dcRK\u0130YE&#8217;DE ULUSLARARASI MEDEN\u0130 HUKUK<\/strong><\/p>\n<ul>\n<li>T\u00fcrkiye\/\u00d6zbekistan&#8217;daki hukuk ve tahkim mahkemelerinin her seviyesinde adli yard\u0131m<\/li>\n<li>T\u00fcrkiye\/\u00d6zbekistan&#8217;da tan\u0131ma ve tenfiz i\u015flemlerinde hukuki yard\u0131m<\/li>\n<li>T\u00fcrkiye\/\u00d6zbekistan&#8217;daki t\u00fcketici davalar\u0131nda hukuki yard\u0131m<\/li>\n<\/ul>\n<p><strong>T\u00dcRK\u0130YE&#8217;DE ULUSLARARASI A\u0130LE HUKUKU<\/strong><\/p>\n<ul>\n<li>Yabanc\u0131 uyruklular\u0131n T\u00fcrkiye\/\u00d6zbekistan&#8217;daki evliliklerinin sona erdirilmesi prosed\u00fcr\u00fc<\/li>\n<li>T\u00fcrkiye\/\u00d6zbekistan&#8217;da vasilik ve nafaka davalar\u0131nda hukuki yard\u0131m<\/li>\n<li>T\u00fcrkiye\/\u00d6zbekistan&#8217;daki miras davalar\u0131nda hukuki yard\u0131m<\/li>\n<li>T\u00fcrkiye\/\u00d6zbekistan&#8217;da vasiyetnamenin haz\u0131rlanmas\u0131nda hukuki yard\u0131m<\/li>\n<\/ul>\n<p><strong>T\u00dcRK\u0130YE&#8217;DE CEZA HUKUKU<\/strong><\/p>\n<ul>\n<li>T\u00fcrkiye\/\u00d6zbekistan&#8217;da m\u00fclkiyet su\u00e7lar\u0131na ili\u015fkin hukuki destek<\/li>\n<li>T\u00fcrkiye\/\u00d6zbekistan&#8217;da bir ki\u015fiye kar\u015f\u0131 i\u015flenen su\u00e7larda hukuki destek<\/li>\n<li>T\u00fcrkiye\/\u00d6zbekistan&#8217;daki mahkemelerde hukuki temsil<\/li>\n<\/ul>\n<p><strong>\u0130FLAS <\/strong><strong>HUKUKU<\/strong><\/p>\n<ul>\n<li>T\u00fcrkiye\/\u00d6zbekistan&#8217;daki bir alacak tahsilat ofisinde bir avukat\u0131n hukuki yard\u0131m\u0131<\/li>\n<li>T\u00fcrkiye\/\u00d6zbekistan&#8217;daki \u015firketlerin iflas ve tasfiyesinde avukat deste\u011fi<\/li>\n<li>T\u00fcrkiye\/\u00d6zbekistan&#8217;daki icra takibinde hukuki destek<\/li>\n<\/ul>\n<p>&nbsp;<\/p>\n<hr \/>\n<p>&nbsp;<\/p>\n<p><a href=\"http:\/\/seyhanhukuk.net\/hakkimizda\/\"><img loading=\"lazy\" class=\"wp-image-1123 size-medium alignleft\" src=\"http:\/\/pravoved.uz\/wp-content\/uploads\/photo_2023-09-13_13-02-02-300x169.jpg\" alt=\"\" width=\"300\" height=\"169\" srcset=\"https:\/\/pravoved.uz\/wp-content\/uploads\/photo_2023-09-13_13-02-02-300x169.jpg 300w, https:\/\/pravoved.uz\/wp-content\/uploads\/photo_2023-09-13_13-02-02-1024x577.jpg 1024w, https:\/\/pravoved.uz\/wp-content\/uploads\/photo_2023-09-13_13-02-02-768x433.jpg 768w, https:\/\/pravoved.uz\/wp-content\/uploads\/photo_2023-09-13_13-02-02-600x338.jpg 600w, https:\/\/pravoved.uz\/wp-content\/uploads\/photo_2023-09-13_13-02-02.jpg 1280w\" sizes=\"(max-width: 300px) 100vw, 300px\" \/><\/a><\/p>\n<p>Hukukun \u00e7e\u015fitli alan\u0131nda dan\u0131\u015fmanl\u0131k hizmeti veren bir hukuk b\u00fcrosu olarak dile\u011fimiz, m\u00fcvekkillerimizle uzun s\u00fcreli ve sayg\u0131n ili\u015fkiler kurmakt\u0131r. Bunu, pratik \u00e7\u00f6z\u00fcmler \u00fcreterek ve m\u00fcvekkillerimize profesyonel hukuk hizmeti sa\u011flayarak ger\u00e7ekle\u015ftirmekteyiz.<\/p>\n<p>M\u00fcvekkillerimizin, sahip oldu\u011fumuz geni\u015f deneyimlerimizden en verimli \u015fekilde faydalanabilmeleri i\u00e7in, m\u00fcvekkillerimizle bilgimizi ve anlay\u0131\u015f\u0131m\u0131z\u0131 payla\u015farak, en \u00fcst d\u00fczeyde kaliteli hizmet vermeyi ama\u00e7l\u0131yoruz. Uluslar aras\u0131 hukuk ili\u015fkilerini \u00f6zellikle Rusya, Finlandiya, Avusturya, Almanya, Kuzey K\u0131br\u0131s T\u00fcrk Cumhuriyeti\u2019nde partner hukuk b\u00fcrolar\u0131 ile ba\u015far\u0131l\u0131 \u015fekilde y\u00fcr\u00fctmekteyiz. Kambo\u00e7ya gibi bir \u00fclkede kurulu \u015firketin \u00fclkemizdeki i\u015flerini takip etti\u011fimiz saatlerde, bir di\u011fer avukat\u0131m\u0131z\u0131n Mardin\u2019de duru\u015fmada olmas\u0131, zaman ve mekandan ba\u011f\u0131ms\u0131z \u00e7al\u0131\u015fma ortam\u0131 sa\u011flayan her t\u00fcrl\u00fc ileri teknolojik donan\u0131m\u0131 kullanmam\u0131z\u0131n nedenidir. K\u00fcreselle\u015fme ve artan rekabet bask\u0131s\u0131, yenilik\u00e7i fikir \u00fcr\u00fcnlerinin korunmas\u0131n\u0131n \u00f6nemini art\u0131rm\u0131\u015ft\u0131r. Yeniliklerini korumayan i\u015fletmeler, onlar\u0131 elde etmek i\u00e7in verdikleri emeklerin kar\u015f\u0131l\u0131\u011f\u0131n\u0131 m\u00fcvekkilleri ile payla\u015fmak durumundad\u0131rlar.<\/p>\n<p>Seyhan Hukuk B\u00fcrosu \u00f6zellikle Rusya ve \u00e7evresi, Orta Do\u011fu, Avrupa ve Amerika ile ili\u015fkili i\u015f planlar\u0131n\u0131zda size en makul yolu g\u00f6sterecektir. Uluslararas\u0131 ba\u011flant\u0131lar\u0131ndan ve ortaklar\u0131ndan da yard\u0131m alarak, uyu\u015fmazl\u0131k \u00e7\u00f6z\u00fcm\u00fc, uzla\u015fma, dava takipleri ve hukuki dan\u0131\u015fmanl\u0131k gerektiren konularda her zaman yan\u0131n\u0131zdad\u0131r.<\/p>\n<p>Verdi\u011fimiz hukuki dan\u0131\u015fmanl\u0131k hizmetlerinde s\u00fcrekli geli\u015fim g\u00f6stermeyi hedefleriz ve bu nedenle m\u00fcvekkillerimizle s\u0131k\u0131 ili\u015fkilerimizi korumaya \u00f6zen g\u00f6steririz. M\u00fcvekkillerimize kar\u015f\u0131 ko\u015fulsuz d\u00fcr\u00fcstl\u00fck ve sadakat, b\u00fcromuzun vazge\u00e7ilmez de\u011ferleri aras\u0131nda yer almaktad\u0131r.<\/p>\n<p>T\u00fcrkiye\u2019de uluslararas\u0131 alanda faaliyet g\u00f6steren hukuk b\u00fcrolar\u0131 aras\u0131nda \u00f6nde gelen Seyhan Hukuk B\u00fcrosu esnek, pratik ticari anlay\u0131\u015f\u0131 ve t\u00fckenmez enerjisiyle \u00f6ne \u00e7\u0131kmaktad\u0131r.<\/p>\n<p>\u015eirketimiz her alandaki bilgi ve deneyimlerini, hizmet verdi\u011fi kurumlara aktararak, fikir \u00fcr\u00fcnlerinin korunmas\u0131 alan\u0131nda \u00e7\u00f6z\u00fcm orta\u011f\u0131 olma misyonunu \u00fcstlenmi\u015ftir<\/p>","protected":false},"excerpt":{"rendered":"<p>Hukuk B\u00fcrosu, T\u00fcrk Hukuk B\u00fcrosu \u201cSEYHAN\u201d HUKUK B\u00fcrosu ile i\u015fbirli\u011fi yapmakta ve kar\u015f\u0131l\u0131kl\u0131 i\u015fbirli\u011fi \u00e7er\u00e7evesinde, T\u00fcrkiye Cumhuriyeti&#8217;ndeki m\u00fcvekkillerimizin menfaatlerini \u00d6zbekistan Cumhuriyeti&#8217;nden ve buna kar\u015f\u0131l\u0131k \u00d6zbekistan Cumhuriyeti topraklar\u0131ndaki m\u00fcvekkillerimizin menfaatlerini T\u00fcrkiye Cumhuriyeti&#8217;nden koruyabiliriz. HUKUK\u0130 UYGULAMA ALANINDA HUKUK H\u0130ZMETLER\u0130 VER\u0130L\u0130R &nbsp; GAYR\u0130MENKUL&#8230;<\/p>\n","protected":false},"author":1,"featured_media":0,"parent":0,"menu_order":0,"comment_status":"closed","ping_status":"closed","template":"","meta":[],"_links":{"self":[{"href":"https:\/\/pravoved.uz\/tr\/wp-json\/wp\/v2\/pages\/1082"}],"collection":[{"href":"https:\/\/pravoved.uz\/tr\/wp-json\/wp\/v2\/pages"}],"about":[{"href":"https:\/\/pravoved.uz\/tr\/wp-json\/wp\/v2\/types\/page"}],"author":[{"embeddable":true,"href":"https:\/\/pravoved.uz\/tr\/wp-json\/wp\/v2\/users\/1"}],"replies":[{"embeddable":true,"href":"https:\/\/pravoved.uz\/tr\/wp-json\/wp\/v2\/comments?post=1082"}],"version-history":[{"count":31,"href":"https:\/\/pravoved.uz\/tr\/wp-json\/wp\/v2\/pages\/1082\/revisions"}],"predecessor-version":[{"id":1144,"href":"https:\/\/pravoved.uz\/tr\/wp-json\/wp\/v2\/pages\/1082\/revisions\/1144"}],"wp:attachment":[{"href":"https:\/\/pravoved.uz\/tr\/wp-json\/wp\/v2\/media?parent=1082"}],"curies":[{"name":"wp","href":"https:\/\/api.w.org\/{rel}","templated":true}]}}