{"id":19,"date":"2021-02-18T10:25:01","date_gmt":"2021-02-18T07:25:01","guid":{"rendered":"http:\/\/pravoved.uz\/?page_id=19"},"modified":"2023-09-04T12:54:31","modified_gmt":"2023-09-04T09:54:31","slug":"about-us","status":"publish","type":"page","link":"https:\/\/pravoved.uz\/tr\/about-us\/","title":{"rendered":"B\u00fcro hakk\u0131nda"},"content":{"rendered":"<p>DE-YURE DE-FAKTO hukuk b\u00fcrosu, i\u015fletmelerin, kurulu\u015flar\u0131n, devlet kurumlar\u0131n\u0131n hukuk departmanlar\u0131nda kazan\u0131lan \u00f6nemli ve benzersiz deneyim dikkate al\u0131narak 23 Nisan 2008 tarihinde kurulmu\u015ftur. B\u00fcronun ana uzmanl\u0131\u011f\u0131, i\u015f i\u00e7in yasal destek alan\u0131nda hukuki dan\u0131\u015fmanl\u0131k ve avukatl\u0131k hizmeti sunar.<\/p>\n<p>&nbsp;<\/p>\n<p>Hukuk firmas\u0131n\u0131n kurucusu ve ba\u015fkan\u0131 Sherzod Timurkhojaev, 20 y\u0131l\u0131 a\u015fk\u0131n hukuk tecr\u00fcbesine sahip, 2003 y\u0131l\u0131ndan beri avukatl\u0131k yap\u0131yor, her t\u00fcrl\u00fc karma\u015f\u0131kl\u0131\u011f\u0131n ekonomik davalar\u0131nda savunma alan\u0131nda uzmanla\u015fm\u0131\u015f, geni\u015f pratik deneyime sahip.<\/p>\n<hr \/>\n<p><strong>B\u00fcro avantajlar\u0131<\/strong><\/p>\n<p>G\u00fcn\u00fcm\u00fczde modern i\u015fletmeler bir\u00e7ok s\u00f6zle\u015fme yapmakta, ekonomik s\u00fcre\u00e7te taraf olarak hareket etmekte ve hukuki alanda idari ve di\u011fer \u00e7at\u0131\u015fmalarla kar\u015f\u0131 kar\u015f\u0131ya kalmaktad\u0131r.<\/p>\n<p>Bununla birlikte, her i\u015fletmenin, faaliyetlerinin hacmini ve do\u011fas\u0131n\u0131 bir dereceye kadar belirleyen kendi \u00f6rg\u00fctsel ve yasal formu vard\u0131r. Her t\u00fcrden m\u00fclkiyete sahip i\u015fletmelerin normal i\u015fleyi\u015fi i\u00e7in nitelikli yasal destek gereklidir, bu ise daha y\u00fcksek hukuk e\u011fitimi ve en \u00f6nemlisi kapsaml\u0131 deneyim gerektirir.<\/p>\n<p><strong>DE-YURE DE-FAKTO Hukuk B\u00fcrosu&#8217;nun temel avantaj\u0131 budur.<\/strong><\/p>\n<p>&#8220;DE-YURE DE-FAKTO&#8221; hukuk b\u00fcrosu size, bir\u00e7ok sorunu k\u0131sa s\u00fcrede ba\u015far\u0131l\u0131 bir \u015fekilde \u00e7\u00f6zmenize kesinlikle yard\u0131mc\u0131 olacak \u00e7ok \u00e7e\u015fitli profesyonel hukuk hizmetleri sunmaktad\u0131r.<\/p>\n<p>Bir orta\u011f\u0131n s\u00f6zle\u015fmeden do\u011fan y\u00fck\u00fcml\u00fcl\u00fcklerini ihlal etti\u011fi, d\u00fczenleyici makamlar\u0131n denetim yapt\u0131\u011f\u0131 veya yapaca\u011f\u0131 durumlarda, bir belgeyi do\u011fru bir \u015fekilde haz\u0131rlaman\u0131z, bir anla\u015fma yapman\u0131z, standart bir s\u00f6zle\u015fmenin \u015fartlar\u0131n\u0131 de\u011fi\u015ftirmeniz, bir personel departman\u0131 hakk\u0131nda soru ortaya \u00e7\u0131k\u0131yor. Kurucu belgeleri de\u011fi\u015ftirmek, bir \u015fube a\u00e7mak veya bir yan \u015firket kurmak isteyorsan\u0131z, ekonomik, medeni, aile, bar\u0131nma veya ceza hukuku konular\u0131nda tavsiye almak ve ayr\u0131ca mahkemeye ba\u015fvurmak gerekirse yard\u0131m\u0131m\u0131za ihtiyac\u0131n\u0131z olacak.<\/p>\n<p><strong>DE-YURE DE-FAKTO hukuk b\u00fcrosunun ay\u0131rt edici bir \u00f6zelli\u011fi:<\/strong><\/p>\n<p>M\u00fcvekkillerle, faaliyetinin t\u00fcr\u00fcn\u00fc ve niteli\u011fini dikkate alarak, her m\u00fc\u015fteriye bireysel bir yakla\u015f\u0131m temelinde ili\u015fkiler kuruyoruz, bu da m\u00fc\u015fteriye en y\u00fcksek kalitede hukuki yard\u0131m sunmam\u0131z\u0131 sa\u011fl\u0131yor.<\/p>\n<p>DE-YURE DE-FAKTO hukuk b\u00fcrosu ayn\u0131 zamanda \u00f6zg\u00fcveni ile de \u00f6ne \u00e7\u0131kmaktad\u0131r, bu nedenle, yaln\u0131zca projenin ba\u015far\u0131l\u0131 bir \u015fekilde uygulanmas\u0131 veya mahkemede davan\u0131z\u0131n kazan\u0131lmas\u0131 i\u00e7in \u00f6deme yapars\u0131n\u0131z.<\/p>\n<hr \/>\n<p><img loading=\"lazy\" class=\"aligncenter wp-image-633\" src=\"http:\/\/pravoved.uz\/wp-content\/uploads\/IMG_5835.jpg\" alt=\"\" width=\"596\" height=\"425\" srcset=\"https:\/\/pravoved.uz\/wp-content\/uploads\/IMG_5835.jpg 800w, https:\/\/pravoved.uz\/wp-content\/uploads\/IMG_5835-600x428.jpg 600w, https:\/\/pravoved.uz\/wp-content\/uploads\/IMG_5835-300x214.jpg 300w, https:\/\/pravoved.uz\/wp-content\/uploads\/IMG_5835-768x547.jpg 768w\" sizes=\"(max-width: 596px) 100vw, 596px\" \/><\/p>\n<p>Sherzod Timurkhodjaev, herhangi bir karma\u015f\u0131kl\u0131\u011f\u0131n ekonomik durumlar\u0131nda savunma alan\u0131nda uzmanla\u015fm\u0131\u015ft\u0131r ve kapsaml\u0131 pratik deneyime sahiptir. Trafik kazalar\u0131 dahil olmak \u00fczere medeni, kurumsal, aile, i\u015f, konut hukuku, fikri m\u00fclkiyetin korunmas\u0131, antitr\u00f6st yasas\u0131 vb. konularda tavsiyelerde bulunur.<\/p>\n<p>\u00d6zbekistan Cumhuriyeti Avukatlar Odas\u0131 \u00fcyesidir, 2003 y\u0131l\u0131ndan bu yana hukuk mesle\u011finde genel deneyime sahiptir. \u0130kinci bir y\u00fcksek ekonomik e\u011fitimi var.<\/p>","protected":false},"excerpt":{"rendered":"<p>DE-YURE DE-FAKTO hukuk b\u00fcrosu, i\u015fletmelerin, kurulu\u015flar\u0131n, devlet kurumlar\u0131n\u0131n hukuk departmanlar\u0131nda kazan\u0131lan \u00f6nemli ve benzersiz deneyim dikkate al\u0131narak 23 Nisan 2008 tarihinde kurulmu\u015ftur. B\u00fcronun ana uzmanl\u0131\u011f\u0131, i\u015f i\u00e7in yasal destek alan\u0131nda hukuki dan\u0131\u015fmanl\u0131k ve avukatl\u0131k hizmeti sunar. &nbsp; Hukuk firmas\u0131n\u0131n kurucusu&#8230;<\/p>\n","protected":false},"author":1,"featured_media":1198,"parent":0,"menu_order":0,"comment_status":"closed","ping_status":"closed","template":"","meta":[],"_links":{"self":[{"href":"https:\/\/pravoved.uz\/tr\/wp-json\/wp\/v2\/pages\/19"}],"collection":[{"href":"https:\/\/pravoved.uz\/tr\/wp-json\/wp\/v2\/pages"}],"about":[{"href":"https:\/\/pravoved.uz\/tr\/wp-json\/wp\/v2\/types\/page"}],"author":[{"embeddable":true,"href":"https:\/\/pravoved.uz\/tr\/wp-json\/wp\/v2\/users\/1"}],"replies":[{"embeddable":true,"href":"https:\/\/pravoved.uz\/tr\/wp-json\/wp\/v2\/comments?post=19"}],"version-history":[{"count":23,"href":"https:\/\/pravoved.uz\/tr\/wp-json\/wp\/v2\/pages\/19\/revisions"}],"predecessor-version":[{"id":1067,"href":"https:\/\/pravoved.uz\/tr\/wp-json\/wp\/v2\/pages\/19\/revisions\/1067"}],"wp:featuredmedia":[{"embeddable":true,"href":"https:\/\/pravoved.uz\/tr\/wp-json\/wp\/v2\/media\/1198"}],"wp:attachment":[{"href":"https:\/\/pravoved.uz\/tr\/wp-json\/wp\/v2\/media?parent=19"}],"curies":[{"name":"wp","href":"https:\/\/api.w.org\/{rel}","templated":true}]}}